{"id":105,"date":"2023-06-30T17:32:36","date_gmt":"2023-06-30T17:32:36","guid":{"rendered":"https:\/\/megabillig.ch\/?post_type=product&#038;p=105"},"modified":"2024-12-16T15:13:25","modified_gmt":"2024-12-16T15:13:25","slug":"talkum-puder","status":"publish","type":"product","link":"https:\/\/hobby-versand.ch\/index.php\/produkt\/talkum-puder\/","title":{"rendered":"Talkum Puder zum einst\u00e4uben von Formen 60 gr."},"content":{"rendered":"","protected":false},"excerpt":{"rendered":"<p><b>Talkum Puder zum einst\u00e4uben von Formen 60 gr.<\/b><\/p>\n<p>Vor dem Guss sollte jede Form mit Talkum &#8211; Puder eingest\u00e4ubt werden. Das gilt f\u00fcr Formsand, Metallformen und auch<br \/>\nSilikonformen. Dank dem Talk erzielt man eine h\u00f6here Abbildgenauigkeit und das Entformen ist einfacher.<br \/>\nSilikon Formen werden dadurch zus\u00e4tzlich gesch\u00fctzt und die Lebensdauer erh\u00f6ht.<br \/>\nHobbytime Qualit\u00e4tsprodukt von Glorex<\/p>\n","protected":false},"featured_media":106,"template":"","meta":[],"product_brand":[],"product_cat":[23,24,21],"product_tag":[],"class_list":{"0":"post-105","1":"product","2":"type-product","3":"status-publish","4":"has-post-thumbnail","6":"product_cat-formbau-abgiessen","7":"product_cat-giessmassen","8":"product_cat-zinngiessen-mat","10":"first","11":"instock","12":"shipping-taxable","13":"purchasable","14":"product-type-simple"},"jetpack_sharing_enabled":true,"_links":{"self":[{"href":"https:\/\/hobby-versand.ch\/index.php\/wp-json\/wp\/v2\/product\/105","targetHints":{"allow":["GET"]}}],"collection":[{"href":"https:\/\/hobby-versand.ch\/index.php\/wp-json\/wp\/v2\/product"}],"about":[{"href":"https:\/\/hobby-versand.ch\/index.php\/wp-json\/wp\/v2\/types\/product"}],"wp:featuredmedia":[{"embeddable":true,"href":"https:\/\/hobby-versand.ch\/index.php\/wp-json\/wp\/v2\/media\/106"}],"wp:attachment":[{"href":"https:\/\/hobby-versand.ch\/index.php\/wp-json\/wp\/v2\/media?parent=105"}],"wp:term":[{"taxonomy":"product_brand","embeddable":true,"href":"https:\/\/hobby-versand.ch\/index.php\/wp-json\/wp\/v2\/product_brand?post=105"},{"taxonomy":"product_cat","embeddable":true,"href":"https:\/\/hobby-versand.ch\/index.php\/wp-json\/wp\/v2\/product_cat?post=105"},{"taxonomy":"product_tag","embeddable":true,"href":"https:\/\/hobby-versand.ch\/index.php\/wp-json\/wp\/v2\/product_tag?post=105"}],"curies":[{"name":"wp","href":"https:\/\/api.w.org\/{rel}","templated":true}]}}