{"id":128,"date":"2023-06-30T21:17:31","date_gmt":"2023-06-30T21:17:31","guid":{"rendered":"https:\/\/megabillig.ch\/?post_type=product&#038;p=128"},"modified":"2023-07-11T14:54:41","modified_gmt":"2023-07-11T14:54:41","slug":"misch-und-messbecher-450-ml-3-stk","status":"publish","type":"product","link":"https:\/\/hobby-versand.ch\/index.php\/produkt\/misch-und-messbecher-450-ml-3-stk\/","title":{"rendered":"Misch-und Messbecher 450 ml 3 Stk"},"content":{"rendered":"","protected":false},"excerpt":{"rendered":"<p><b>Misch-und Messbecher 450 ml 3 Stk.<\/b><\/p>\n<p>Mit Skala f\u00fcr Giessharz, Giessholz, Wasser, Silikon HB, Silikon NV, Hintergussmasse.<\/p>\n<p>L\u00f6sungsmittelfeste Kunststoffbecher f\u00fcr Polyesterharze. Ausgeh\u00e4rtetes Harz kann problemlos entfernt werden.<\/p>\n","protected":false},"featured_media":129,"template":"","meta":[],"product_brand":[],"product_cat":[23,26],"product_tag":[],"class_list":{"0":"post-128","1":"product","2":"type-product","3":"status-publish","4":"has-post-thumbnail","6":"product_cat-formbau-abgiessen","7":"product_cat-giessharz","9":"first","10":"instock","11":"shipping-taxable","12":"purchasable","13":"product-type-simple"},"jetpack_sharing_enabled":true,"_links":{"self":[{"href":"https:\/\/hobby-versand.ch\/index.php\/wp-json\/wp\/v2\/product\/128","targetHints":{"allow":["GET"]}}],"collection":[{"href":"https:\/\/hobby-versand.ch\/index.php\/wp-json\/wp\/v2\/product"}],"about":[{"href":"https:\/\/hobby-versand.ch\/index.php\/wp-json\/wp\/v2\/types\/product"}],"wp:featuredmedia":[{"embeddable":true,"href":"https:\/\/hobby-versand.ch\/index.php\/wp-json\/wp\/v2\/media\/129"}],"wp:attachment":[{"href":"https:\/\/hobby-versand.ch\/index.php\/wp-json\/wp\/v2\/media?parent=128"}],"wp:term":[{"taxonomy":"product_brand","embeddable":true,"href":"https:\/\/hobby-versand.ch\/index.php\/wp-json\/wp\/v2\/product_brand?post=128"},{"taxonomy":"product_cat","embeddable":true,"href":"https:\/\/hobby-versand.ch\/index.php\/wp-json\/wp\/v2\/product_cat?post=128"},{"taxonomy":"product_tag","embeddable":true,"href":"https:\/\/hobby-versand.ch\/index.php\/wp-json\/wp\/v2\/product_tag?post=128"}],"curies":[{"name":"wp","href":"https:\/\/api.w.org\/{rel}","templated":true}]}}