{"id":214,"date":"2023-07-04T13:46:15","date_gmt":"2023-07-04T13:46:15","guid":{"rendered":"https:\/\/megabillig.ch\/?post_type=product&#038;p=214"},"modified":"2023-07-04T13:46:15","modified_gmt":"2023-07-04T13:46:15","slug":"quickform-schnellabformmasse-hautfreundlich-2","status":"publish","type":"product","link":"https:\/\/hobby-versand.ch\/index.php\/produkt\/quickform-schnellabformmasse-hautfreundlich-2\/","title":{"rendered":"Quickform Schnellabformmasse, hautfreundlich"},"content":{"rendered":"","protected":false},"excerpt":{"rendered":"<p><span style=\"color: 000000; font-family: Arial;\"><span style=\"color: 000000; font-family: Arial; font-size: small;\"><b>Quickform Schnellabformmasse, hautfreundlich <\/b><br \/>\n500 Gramm &#8211; Box<br \/>\nEinfache und ergiebige Formbaumasse, welche mit Wasser angemischt wird. Die Abformmasse ist aus nat\u00fcrlichen Stoffen,<br \/>\nist ungiftig und hautfreundlich und somit auch f\u00fcr Kinder geeignet.<\/p>\n<p>Mit dieser Abformmasse k\u00f6nnen Sie jeden Gegenstand sehr genau und Detailgetreu abformen, besonders geeignet ist Sie<br \/>\nf\u00fcr die Abformung von K\u00f6rperteilen.<\/p>\n<p>Schnellabformmasse<\/p>\n<p>Eine problemlose Abformmasse mit der schnelle und einfache Hohlformen (Negativformen) von einem Originalmodell<br \/>\nabgenommen werden k\u00f6nnen.<\/p>\n<p>Diese Abformmasse ist v\u00f6llig unbedenklich und kann auch auf die Haut aufgebracht werden. Pulver mit Wasser anmischen<br \/>\nund auf den gew\u00fcnschten Gegenstand aufgiessen. Wenige Minuten sp\u00e4ter ist die selbst hergestellte Form fertig. Diese<br \/>\nHohlform kann sofort, mit Reliefgiessmassen wie Gips, Giessharz, Stewalin, Keramin etc. ausgegossen werden. Fertig ist die<br \/>\nKopie vom Original.<\/p>\n<p>Verarbeitung, Mischungsverh\u00e4ltnis: Stellen Sie das gew\u00fcnschte Abformmodell in einem Kunststoffbeh\u00e4lter. Die<br \/>\nAbformmasse wird im Verh\u00e4ltnis 1 : 3 (1 Teil Pulver und 3 Teile Wasser) mit ca. 23\u00b0 warmen Wasser angemischt. ca. 1<br \/>\nMinute gut durchspateln bis eine homogene Masse entsteht. Die gesamte Verarbeitungszeit betr\u00e4gt 3 Minuten nach<br \/>\nAnmischbeginn. Die Entformung des Objekts 5 Minuten nach Anmischbeginn.<\/p>\n<p>Hinweis: Die Verarbeitungs- und Entformzeit l\u00e4\u00dft sich durch Senkung bzw. Erh\u00f6hung der Wassertemperatur verl\u00e4ngern<br \/>\nbzw. Verk\u00fcrzen. Kaltes Wasser ergibt eine l\u00e4ngere Verarbeitungs- und Abbindezeit. Warmes Wasser verk\u00fcrzt die<br \/>\nVerarbeitungs- und Abbindezeit. <\/span><\/span><\/p>\n","protected":false},"featured_media":215,"template":"","meta":[],"product_brand":[],"product_cat":[23],"product_tag":[],"class_list":{"0":"post-214","1":"product","2":"type-product","3":"status-publish","4":"has-post-thumbnail","6":"product_cat-formbau-abgiessen","8":"first","9":"instock","10":"shipping-taxable","11":"purchasable","12":"product-type-simple"},"jetpack_sharing_enabled":true,"_links":{"self":[{"href":"https:\/\/hobby-versand.ch\/index.php\/wp-json\/wp\/v2\/product\/214","targetHints":{"allow":["GET"]}}],"collection":[{"href":"https:\/\/hobby-versand.ch\/index.php\/wp-json\/wp\/v2\/product"}],"about":[{"href":"https:\/\/hobby-versand.ch\/index.php\/wp-json\/wp\/v2\/types\/product"}],"wp:featuredmedia":[{"embeddable":true,"href":"https:\/\/hobby-versand.ch\/index.php\/wp-json\/wp\/v2\/media\/215"}],"wp:attachment":[{"href":"https:\/\/hobby-versand.ch\/index.php\/wp-json\/wp\/v2\/media?parent=214"}],"wp:term":[{"taxonomy":"product_brand","embeddable":true,"href":"https:\/\/hobby-versand.ch\/index.php\/wp-json\/wp\/v2\/product_brand?post=214"},{"taxonomy":"product_cat","embeddable":true,"href":"https:\/\/hobby-versand.ch\/index.php\/wp-json\/wp\/v2\/product_cat?post=214"},{"taxonomy":"product_tag","embeddable":true,"href":"https:\/\/hobby-versand.ch\/index.php\/wp-json\/wp\/v2\/product_tag?post=214"}],"curies":[{"name":"wp","href":"https:\/\/api.w.org\/{rel}","templated":true}]}}