{"id":216,"date":"2023-07-04T13:48:26","date_gmt":"2023-07-04T13:48:26","guid":{"rendered":"https:\/\/megabillig.ch\/?post_type=product&#038;p=216"},"modified":"2023-07-04T13:48:26","modified_gmt":"2023-07-04T13:48:26","slug":"handplast-abdruckmasse-500-gr","status":"publish","type":"product","link":"https:\/\/hobby-versand.ch\/index.php\/produkt\/handplast-abdruckmasse-500-gr\/","title":{"rendered":"Handplast Abdruckmasse 500 gr."},"content":{"rendered":"","protected":false},"excerpt":{"rendered":"<p><span style=\"color: 000000; font-family: Arial;\"><span style=\"color: 000000; font-family: Arial; font-size: small;\"><b>Handplast Abdruckmasse 500 gr. <\/b><\/p>\n<p>Gebrauchsfertige, sehr weiche und exakte Abdruckmasse, lufth\u00e4rtend, besonders geeignet f\u00fcr Hand- und Fussabdr\u00fccke<br \/>\noder \u00e4hnliches. <\/span><\/span><\/p>\n","protected":false},"featured_media":217,"template":"","meta":[],"product_brand":[],"product_cat":[23],"product_tag":[],"class_list":{"0":"post-216","1":"product","2":"type-product","3":"status-publish","4":"has-post-thumbnail","6":"product_cat-formbau-abgiessen","8":"first","9":"instock","10":"shipping-taxable","11":"purchasable","12":"product-type-simple"},"jetpack_sharing_enabled":true,"_links":{"self":[{"href":"https:\/\/hobby-versand.ch\/index.php\/wp-json\/wp\/v2\/product\/216","targetHints":{"allow":["GET"]}}],"collection":[{"href":"https:\/\/hobby-versand.ch\/index.php\/wp-json\/wp\/v2\/product"}],"about":[{"href":"https:\/\/hobby-versand.ch\/index.php\/wp-json\/wp\/v2\/types\/product"}],"wp:featuredmedia":[{"embeddable":true,"href":"https:\/\/hobby-versand.ch\/index.php\/wp-json\/wp\/v2\/media\/217"}],"wp:attachment":[{"href":"https:\/\/hobby-versand.ch\/index.php\/wp-json\/wp\/v2\/media?parent=216"}],"wp:term":[{"taxonomy":"product_brand","embeddable":true,"href":"https:\/\/hobby-versand.ch\/index.php\/wp-json\/wp\/v2\/product_brand?post=216"},{"taxonomy":"product_cat","embeddable":true,"href":"https:\/\/hobby-versand.ch\/index.php\/wp-json\/wp\/v2\/product_cat?post=216"},{"taxonomy":"product_tag","embeddable":true,"href":"https:\/\/hobby-versand.ch\/index.php\/wp-json\/wp\/v2\/product_tag?post=216"}],"curies":[{"name":"wp","href":"https:\/\/api.w.org\/{rel}","templated":true}]}}