{"id":223,"date":"2023-07-04T13:56:23","date_gmt":"2023-07-04T13:56:23","guid":{"rendered":"https:\/\/megabillig.ch\/?post_type=product&#038;p=223"},"modified":"2023-07-04T13:57:47","modified_gmt":"2023-07-04T13:57:47","slug":"memories-fuer-erwachsene-bleibende-erinnerungen-fuer-die-persoenlichsten-geschenkideen","status":"publish","type":"product","link":"https:\/\/hobby-versand.ch\/index.php\/produkt\/memories-fuer-erwachsene-bleibende-erinnerungen-fuer-die-persoenlichsten-geschenkideen\/","title":{"rendered":"Memories f\u00fcr Erwachsene. Bleibende Erinnerungen &#8211; f\u00fcr die pers\u00f6nlichsten Geschenkideen"},"content":{"rendered":"","protected":false},"excerpt":{"rendered":"<p><span style=\"color: 000000; font-family: Arial;\"><span style=\"color: 000000; font-family: Arial; font-size: small;\"><b>Memories f\u00fcr Erwachsene. Bleibende Erinnerungen &#8211; f\u00fcr die pers\u00f6nlichsten Geschenkideen. <\/b><\/span><\/span><\/p>\n<p>Das Quickform &#8211; Set f\u00fcr Erwachsene. Hautfreundlich, aus nat\u00fcrlichen Stoffen hergestellt. Reicht f\u00fcr einen Brustabguss oder<br \/>\nf\u00fcr des Mannes bestes St\u00fcck oder f\u00fcr ein Gesicht.<\/p>\n<p>Inhalt: Abformmasse, Abformbecher, Giessmasse, und illustrierte Anleitung<\/p>\n","protected":false},"featured_media":224,"template":"","meta":[],"product_brand":[],"product_cat":[23],"product_tag":[],"class_list":{"0":"post-223","1":"product","2":"type-product","3":"status-publish","4":"has-post-thumbnail","6":"product_cat-formbau-abgiessen","8":"first","9":"instock","10":"shipping-taxable","11":"purchasable","12":"product-type-simple"},"jetpack_sharing_enabled":true,"_links":{"self":[{"href":"https:\/\/hobby-versand.ch\/index.php\/wp-json\/wp\/v2\/product\/223","targetHints":{"allow":["GET"]}}],"collection":[{"href":"https:\/\/hobby-versand.ch\/index.php\/wp-json\/wp\/v2\/product"}],"about":[{"href":"https:\/\/hobby-versand.ch\/index.php\/wp-json\/wp\/v2\/types\/product"}],"wp:featuredmedia":[{"embeddable":true,"href":"https:\/\/hobby-versand.ch\/index.php\/wp-json\/wp\/v2\/media\/224"}],"wp:attachment":[{"href":"https:\/\/hobby-versand.ch\/index.php\/wp-json\/wp\/v2\/media?parent=223"}],"wp:term":[{"taxonomy":"product_brand","embeddable":true,"href":"https:\/\/hobby-versand.ch\/index.php\/wp-json\/wp\/v2\/product_brand?post=223"},{"taxonomy":"product_cat","embeddable":true,"href":"https:\/\/hobby-versand.ch\/index.php\/wp-json\/wp\/v2\/product_cat?post=223"},{"taxonomy":"product_tag","embeddable":true,"href":"https:\/\/hobby-versand.ch\/index.php\/wp-json\/wp\/v2\/product_tag?post=223"}],"curies":[{"name":"wp","href":"https:\/\/api.w.org\/{rel}","templated":true}]}}