{"id":251,"date":"2023-07-07T13:19:43","date_gmt":"2023-07-07T13:19:43","guid":{"rendered":"https:\/\/megabillig.ch\/?post_type=product&#038;p=251"},"modified":"2023-07-07T13:19:44","modified_gmt":"2023-07-07T13:19:44","slug":"technische-vaseline-50-ml","status":"publish","type":"product","link":"https:\/\/hobby-versand.ch\/index.php\/produkt\/technische-vaseline-50-ml\/","title":{"rendered":"Technische Vaseline 50 ml"},"content":{"rendered":"","protected":false},"excerpt":{"rendered":"<p><b>Technische Vaseline 50 ml.<\/b><\/p>\n<p>Bei Herstellung von zwei- und mehrteiligen Silikonformen wird diese Vaseline auf die bereits ausgeh\u00e4rteten Formenh\u00e4lften<br \/>\naufgetragen. Beim anschliessenden Aufgiessen ner n\u00e4chsten Formh\u00e4lfte, verhindert die Vaseline, dass die Formst\u00fccke<br \/>\nzusammenkleben.<\/p>\n","protected":false},"featured_media":252,"template":"","meta":[],"product_brand":[],"product_cat":[23],"product_tag":[],"class_list":{"0":"post-251","1":"product","2":"type-product","3":"status-publish","4":"has-post-thumbnail","6":"product_cat-formbau-abgiessen","8":"first","9":"instock","10":"shipping-taxable","11":"purchasable","12":"product-type-simple"},"jetpack_sharing_enabled":true,"_links":{"self":[{"href":"https:\/\/hobby-versand.ch\/index.php\/wp-json\/wp\/v2\/product\/251","targetHints":{"allow":["GET"]}}],"collection":[{"href":"https:\/\/hobby-versand.ch\/index.php\/wp-json\/wp\/v2\/product"}],"about":[{"href":"https:\/\/hobby-versand.ch\/index.php\/wp-json\/wp\/v2\/types\/product"}],"wp:featuredmedia":[{"embeddable":true,"href":"https:\/\/hobby-versand.ch\/index.php\/wp-json\/wp\/v2\/media\/252"}],"wp:attachment":[{"href":"https:\/\/hobby-versand.ch\/index.php\/wp-json\/wp\/v2\/media?parent=251"}],"wp:term":[{"taxonomy":"product_brand","embeddable":true,"href":"https:\/\/hobby-versand.ch\/index.php\/wp-json\/wp\/v2\/product_brand?post=251"},{"taxonomy":"product_cat","embeddable":true,"href":"https:\/\/hobby-versand.ch\/index.php\/wp-json\/wp\/v2\/product_cat?post=251"},{"taxonomy":"product_tag","embeddable":true,"href":"https:\/\/hobby-versand.ch\/index.php\/wp-json\/wp\/v2\/product_tag?post=251"}],"curies":[{"name":"wp","href":"https:\/\/api.w.org\/{rel}","templated":true}]}}