{"id":322,"date":"2023-07-08T08:40:17","date_gmt":"2023-07-08T08:40:17","guid":{"rendered":"https:\/\/megabillig.ch\/?post_type=product&#038;p=322"},"modified":"2023-07-08T08:40:18","modified_gmt":"2023-07-08T08:40:18","slug":"einfuehrung-in-den-formenbau","status":"publish","type":"product","link":"https:\/\/hobby-versand.ch\/index.php\/produkt\/einfuehrung-in-den-formenbau\/","title":{"rendered":"Einf\u00fchrung in den Formenbau"},"content":{"rendered":"","protected":false},"excerpt":{"rendered":"<p><b>Einf\u00fchrung in den Formenbau<\/b><\/p>\n<p>Unerl\u00e4sslicher Ratgeber zum Thema Formenbau. Investieren Sie lieber ein paar Franken in dieses Buch, als dass Sie<br \/>\nteuren Silikon vergeuden und evt. noch ein Original unwiederbringlich zerst\u00f6ren!<\/p>\n<p>Das Verarbeiten von Silikonkautschuk setzt einiges an Fachwissen voraus, das man sich aber auch erarbeiten kann. Die<br \/>\nwichtigsten Informationen, z. B. welche Formbaumasse f\u00fcr welche Abformung sind nur einige Informationen, die diese<br \/>\nkleine Brosch\u00fcre vermittelt. Sie gibt dar\u00fcber hinaus aber auch noch einen kleinen \u00dcberblick \u00fcber die Formbautechnik und<br \/>\nden Ablauf bei der Formenherstellung. 32 Seiten.<\/p>\n","protected":false},"featured_media":323,"template":"","meta":[],"product_brand":[],"product_cat":[23],"product_tag":[],"class_list":{"0":"post-322","1":"product","2":"type-product","3":"status-publish","4":"has-post-thumbnail","6":"product_cat-formbau-abgiessen","8":"first","9":"instock","10":"shipping-taxable","11":"purchasable","12":"product-type-simple"},"jetpack_sharing_enabled":true,"_links":{"self":[{"href":"https:\/\/hobby-versand.ch\/index.php\/wp-json\/wp\/v2\/product\/322","targetHints":{"allow":["GET"]}}],"collection":[{"href":"https:\/\/hobby-versand.ch\/index.php\/wp-json\/wp\/v2\/product"}],"about":[{"href":"https:\/\/hobby-versand.ch\/index.php\/wp-json\/wp\/v2\/types\/product"}],"wp:featuredmedia":[{"embeddable":true,"href":"https:\/\/hobby-versand.ch\/index.php\/wp-json\/wp\/v2\/media\/323"}],"wp:attachment":[{"href":"https:\/\/hobby-versand.ch\/index.php\/wp-json\/wp\/v2\/media?parent=322"}],"wp:term":[{"taxonomy":"product_brand","embeddable":true,"href":"https:\/\/hobby-versand.ch\/index.php\/wp-json\/wp\/v2\/product_brand?post=322"},{"taxonomy":"product_cat","embeddable":true,"href":"https:\/\/hobby-versand.ch\/index.php\/wp-json\/wp\/v2\/product_cat?post=322"},{"taxonomy":"product_tag","embeddable":true,"href":"https:\/\/hobby-versand.ch\/index.php\/wp-json\/wp\/v2\/product_tag?post=322"}],"curies":[{"name":"wp","href":"https:\/\/api.w.org\/{rel}","templated":true}]}}