{"id":339,"date":"2023-07-10T07:32:44","date_gmt":"2023-07-10T07:32:44","guid":{"rendered":"https:\/\/megabillig.ch\/?post_type=product&#038;p=339"},"modified":"2023-07-10T07:32:45","modified_gmt":"2023-07-10T07:32:45","slug":"arbeiten-mit-silikon","status":"publish","type":"product","link":"https:\/\/hobby-versand.ch\/index.php\/produkt\/arbeiten-mit-silikon\/","title":{"rendered":"Arbeiten mit Silikon"},"content":{"rendered":"","protected":false},"excerpt":{"rendered":"<p><strong>Arbeiten mit Silikon<\/strong><\/p>\n<p>Silikon l\u00e4sst sich auf die unterschiedlichsten Arten anwen- den und verarbeiten.<br \/>\nDie Einsatzgebiete des einzigartigen Materials sind vielf\u00e4ltig und erstrecken sich auf technische Bereiche ebenso wie auf die Verwendung als flexibles Ma- terial f\u00fcr Abformung, Formenbau und Reproduktion.<br \/>\nWas mit Silikon alles m\u00f6glich ist, worauf bei der Materialaus- wahl zu achten ist und wie sich die wandelbare Substanz professionell einsetzen l\u00e4sst, wird hier erl\u00e4utert.<br \/>\nTheoreti- sche Grundlagen und praktische Arbeitsbeispiele mit de- taillierten und zum Teil bebilderten Anleitungen er\u00f6ffnen das weite Feld, welches sich beim Arbeiten mit Silikon er- \u00f6ffnet.<br \/>\nDieses Buch erhebt keinen Anspruch auf Vollst\u00e4n digkeit, sondern versteht sich als Anregung f\u00fcr Experimen te, kreative neue Ideen und innovative Ans\u00e4tze, die sich mit diesem wundervoll flexiblen Material realisieren lassen.<\/p>\n","protected":false},"featured_media":340,"template":"","meta":[],"product_brand":[],"product_cat":[23],"product_tag":[],"class_list":{"0":"post-339","1":"product","2":"type-product","3":"status-publish","4":"has-post-thumbnail","6":"product_cat-formbau-abgiessen","8":"first","9":"instock","10":"shipping-taxable","11":"purchasable","12":"product-type-simple"},"jetpack_sharing_enabled":true,"_links":{"self":[{"href":"https:\/\/hobby-versand.ch\/index.php\/wp-json\/wp\/v2\/product\/339","targetHints":{"allow":["GET"]}}],"collection":[{"href":"https:\/\/hobby-versand.ch\/index.php\/wp-json\/wp\/v2\/product"}],"about":[{"href":"https:\/\/hobby-versand.ch\/index.php\/wp-json\/wp\/v2\/types\/product"}],"wp:featuredmedia":[{"embeddable":true,"href":"https:\/\/hobby-versand.ch\/index.php\/wp-json\/wp\/v2\/media\/340"}],"wp:attachment":[{"href":"https:\/\/hobby-versand.ch\/index.php\/wp-json\/wp\/v2\/media?parent=339"}],"wp:term":[{"taxonomy":"product_brand","embeddable":true,"href":"https:\/\/hobby-versand.ch\/index.php\/wp-json\/wp\/v2\/product_brand?post=339"},{"taxonomy":"product_cat","embeddable":true,"href":"https:\/\/hobby-versand.ch\/index.php\/wp-json\/wp\/v2\/product_cat?post=339"},{"taxonomy":"product_tag","embeddable":true,"href":"https:\/\/hobby-versand.ch\/index.php\/wp-json\/wp\/v2\/product_tag?post=339"}],"curies":[{"name":"wp","href":"https:\/\/api.w.org\/{rel}","templated":true}]}}