{"id":349,"date":"2023-07-10T09:47:39","date_gmt":"2023-07-10T09:47:39","guid":{"rendered":"https:\/\/megabillig.ch\/?post_type=product&#038;p=349"},"modified":"2023-07-10T14:08:59","modified_gmt":"2023-07-10T14:08:59","slug":"stewalin-packung-1-kg","status":"publish","type":"product","link":"https:\/\/hobby-versand.ch\/index.php\/produkt\/stewalin-packung-1-kg\/","title":{"rendered":"Stewalin Packung 01 kg"},"content":{"rendered":"","protected":false},"excerpt":{"rendered":"<p><span style=\"color: 000000; font-family: Arial;\"><span style=\"color: 000000; font-family: Arial; font-size: small;\"><b>Stewalin Packung 1 kg <\/b><\/span><\/span><\/p>\n<p>Hochwertige, speziell-weisse, Figurengiessmasse zum Giessen von Figuren und Reliefs aller Art. Mischverh\u00e4ltnis<br \/>\nGiessmasse: Wasser = 4:1. Stewalin zeichnet sich durch eine speziell weisse Farbe, eine hohe Abformgenauigkeit, eine<br \/>\nschnelle Aush\u00e4rtung, m\u00fchelose Entformbarkeit und eine hohe Bruchfestigkeit aus. Ausgeh\u00e4rtete Gegenst\u00e4nde weisen eine<br \/>\nporzellan\u00e4hnliche, glatte Oberfl\u00e4che auf und lassen sich kinderleicht bemalen.<\/p>\n","protected":false},"featured_media":350,"template":"","meta":[],"product_brand":[],"product_cat":[24],"product_tag":[],"class_list":{"0":"post-349","1":"product","2":"type-product","3":"status-publish","4":"has-post-thumbnail","6":"product_cat-giessmassen","8":"first","9":"instock","10":"shipping-taxable","11":"purchasable","12":"product-type-simple"},"jetpack_sharing_enabled":true,"_links":{"self":[{"href":"https:\/\/hobby-versand.ch\/index.php\/wp-json\/wp\/v2\/product\/349","targetHints":{"allow":["GET"]}}],"collection":[{"href":"https:\/\/hobby-versand.ch\/index.php\/wp-json\/wp\/v2\/product"}],"about":[{"href":"https:\/\/hobby-versand.ch\/index.php\/wp-json\/wp\/v2\/types\/product"}],"wp:featuredmedia":[{"embeddable":true,"href":"https:\/\/hobby-versand.ch\/index.php\/wp-json\/wp\/v2\/media\/350"}],"wp:attachment":[{"href":"https:\/\/hobby-versand.ch\/index.php\/wp-json\/wp\/v2\/media?parent=349"}],"wp:term":[{"taxonomy":"product_brand","embeddable":true,"href":"https:\/\/hobby-versand.ch\/index.php\/wp-json\/wp\/v2\/product_brand?post=349"},{"taxonomy":"product_cat","embeddable":true,"href":"https:\/\/hobby-versand.ch\/index.php\/wp-json\/wp\/v2\/product_cat?post=349"},{"taxonomy":"product_tag","embeddable":true,"href":"https:\/\/hobby-versand.ch\/index.php\/wp-json\/wp\/v2\/product_tag?post=349"}],"curies":[{"name":"wp","href":"https:\/\/api.w.org\/{rel}","templated":true}]}}