{"id":355,"date":"2023-07-10T12:39:31","date_gmt":"2023-07-10T12:39:31","guid":{"rendered":"https:\/\/megabillig.ch\/?post_type=product&#038;p=355"},"modified":"2023-07-10T14:08:37","modified_gmt":"2023-07-10T14:08:37","slug":"keramin-1-kg","status":"publish","type":"product","link":"https:\/\/hobby-versand.ch\/index.php\/produkt\/keramin-1-kg\/","title":{"rendered":"Keramin 01 kg"},"content":{"rendered":"","protected":false},"excerpt":{"rendered":"<p><span style=\"color: 000000; font-family: Arial;\"><span style=\"color: 000000; font-family: Arial; font-size: small;\"><b>Keramin 1 kg <\/b><\/span><\/span><\/p>\n<p>Universelle, weisse, Reliefgiessmasse. Keramin bildet w\u00e4hrend der Aush\u00e4rtung eine extra harte Oberfl\u00e4chenstruktur.<br \/>\nMischverh\u00e4ltnis Gie\u00dfmasse: Wasser = 3: 1. Keramin zeichnet sich durch eine hohe Abformgenauigkeit, eine schnelle und<br \/>\ngleichm\u00e4\u00dfige Aush\u00e4rtung und eine wei\u00dfe nicht abkreidende Oberfl\u00e4che aus. Ausgeh\u00e4rtete Gegenst\u00e4nde weisen eine<br \/>\nglatte Oberfl\u00e4che auf und lassen sich kinderleicht bemalen.<\/p>\n<p>1 kg. in Beutel<\/p>\n","protected":false},"featured_media":356,"template":"","meta":[],"product_brand":[],"product_cat":[24],"product_tag":[],"class_list":{"0":"post-355","1":"product","2":"type-product","3":"status-publish","4":"has-post-thumbnail","6":"product_cat-giessmassen","8":"first","9":"instock","10":"shipping-taxable","11":"purchasable","12":"product-type-simple"},"jetpack_sharing_enabled":true,"_links":{"self":[{"href":"https:\/\/hobby-versand.ch\/index.php\/wp-json\/wp\/v2\/product\/355","targetHints":{"allow":["GET"]}}],"collection":[{"href":"https:\/\/hobby-versand.ch\/index.php\/wp-json\/wp\/v2\/product"}],"about":[{"href":"https:\/\/hobby-versand.ch\/index.php\/wp-json\/wp\/v2\/types\/product"}],"wp:featuredmedia":[{"embeddable":true,"href":"https:\/\/hobby-versand.ch\/index.php\/wp-json\/wp\/v2\/media\/356"}],"wp:attachment":[{"href":"https:\/\/hobby-versand.ch\/index.php\/wp-json\/wp\/v2\/media?parent=355"}],"wp:term":[{"taxonomy":"product_brand","embeddable":true,"href":"https:\/\/hobby-versand.ch\/index.php\/wp-json\/wp\/v2\/product_brand?post=355"},{"taxonomy":"product_cat","embeddable":true,"href":"https:\/\/hobby-versand.ch\/index.php\/wp-json\/wp\/v2\/product_cat?post=355"},{"taxonomy":"product_tag","embeddable":true,"href":"https:\/\/hobby-versand.ch\/index.php\/wp-json\/wp\/v2\/product_tag?post=355"}],"curies":[{"name":"wp","href":"https:\/\/api.w.org\/{rel}","templated":true}]}}