{"id":361,"date":"2023-07-10T12:55:19","date_gmt":"2023-07-10T12:55:19","guid":{"rendered":"https:\/\/megabillig.ch\/?post_type=product&#038;p=361"},"modified":"2023-07-10T14:03:00","modified_gmt":"2023-07-10T14:03:00","slug":"keramin-s-5-kg","status":"publish","type":"product","link":"https:\/\/hobby-versand.ch\/index.php\/produkt\/keramin-s-5-kg\/","title":{"rendered":"Keramin-S 05 kg"},"content":{"rendered":"","protected":false},"excerpt":{"rendered":"<p><span style=\"color: 000000; font-family: Arial;\"><span style=\"color: 000000; font-family: Arial; font-size: small;\"><b>Keramin-S 5 kg <\/b><\/span><\/span><\/p>\n<p>Extra harte, weisse, Figurengiessmasse zum Giessen von hochwertigen Figuren, Reliefs und Gebrauchsgegenst\u00e4nden.<br \/>\nKeramin-S ist hydrophobiert und somit auch f\u00fcr das Giessen von Figuren im Au\u00dfenbereich (z.B. Gartenfiguren) geeignet.<br \/>\nMischverh\u00e4ltnis Giessmasse: Wasser = 4:1. Keramin-S zeichnet sich durch eine hohe Abformgenauigkeit, eine schnelle<br \/>\nAush\u00e4rtung, m\u00fchelose Entformbarkeit und eine hohe Bruchfestigkeit aus. Ausgeh\u00e4rtete Gegenst\u00e4nde weisen eine<br \/>\nporzellan\u00e4hnliche, glatte Oberfl\u00e4che auf und lassen sich kinderleicht bemalen.<\/p>\n<p>Packung 5 kg<\/p>\n","protected":false},"featured_media":360,"template":"","meta":[],"product_brand":[],"product_cat":[24],"product_tag":[],"class_list":{"0":"post-361","1":"product","2":"type-product","3":"status-publish","4":"has-post-thumbnail","6":"product_cat-giessmassen","8":"first","9":"instock","10":"shipping-taxable","11":"purchasable","12":"product-type-simple"},"jetpack_sharing_enabled":true,"_links":{"self":[{"href":"https:\/\/hobby-versand.ch\/index.php\/wp-json\/wp\/v2\/product\/361","targetHints":{"allow":["GET"]}}],"collection":[{"href":"https:\/\/hobby-versand.ch\/index.php\/wp-json\/wp\/v2\/product"}],"about":[{"href":"https:\/\/hobby-versand.ch\/index.php\/wp-json\/wp\/v2\/types\/product"}],"wp:featuredmedia":[{"embeddable":true,"href":"https:\/\/hobby-versand.ch\/index.php\/wp-json\/wp\/v2\/media\/360"}],"wp:attachment":[{"href":"https:\/\/hobby-versand.ch\/index.php\/wp-json\/wp\/v2\/media?parent=361"}],"wp:term":[{"taxonomy":"product_brand","embeddable":true,"href":"https:\/\/hobby-versand.ch\/index.php\/wp-json\/wp\/v2\/product_brand?post=361"},{"taxonomy":"product_cat","embeddable":true,"href":"https:\/\/hobby-versand.ch\/index.php\/wp-json\/wp\/v2\/product_cat?post=361"},{"taxonomy":"product_tag","embeddable":true,"href":"https:\/\/hobby-versand.ch\/index.php\/wp-json\/wp\/v2\/product_tag?post=361"}],"curies":[{"name":"wp","href":"https:\/\/api.w.org\/{rel}","templated":true}]}}