{"id":404,"date":"2023-07-11T14:59:11","date_gmt":"2023-07-11T14:59:11","guid":{"rendered":"https:\/\/megabillig.ch\/?post_type=product&#038;p=404"},"modified":"2023-07-11T14:59:12","modified_gmt":"2023-07-11T14:59:12","slug":"crystalhaerter-c-20-ml","status":"publish","type":"product","link":"https:\/\/hobby-versand.ch\/index.php\/produkt\/crystalhaerter-c-20-ml\/","title":{"rendered":"Crystalh\u00e4rter C 20 ml"},"content":{"rendered":"","protected":false},"excerpt":{"rendered":"<p><span style=\"color: 000000; font-family: Arial;\"><span style=\"color: 000000; font-family: Arial; font-size: small;\"><b>Crystalh\u00e4rter C 20 ml <\/b><\/p>\n<p>Fl\u00fcssiger H\u00e4rter f\u00fcr die Verarbeitung von XOR-Giessharz.<\/p>\n<p>Bitte Schutzvorschriften beachten.<\/p>\n<p>Lieferung nur an Erwachsene, bei Neukunden Altersnachweis gesetzlich vorgeschrieben. <\/span><\/span><\/p>\n","protected":false},"featured_media":405,"template":"","meta":[],"product_brand":[],"product_cat":[26],"product_tag":[],"class_list":{"0":"post-404","1":"product","2":"type-product","3":"status-publish","4":"has-post-thumbnail","6":"product_cat-giessharz","8":"first","9":"instock","10":"shipping-taxable","11":"purchasable","12":"product-type-simple"},"jetpack_sharing_enabled":true,"_links":{"self":[{"href":"https:\/\/hobby-versand.ch\/index.php\/wp-json\/wp\/v2\/product\/404","targetHints":{"allow":["GET"]}}],"collection":[{"href":"https:\/\/hobby-versand.ch\/index.php\/wp-json\/wp\/v2\/product"}],"about":[{"href":"https:\/\/hobby-versand.ch\/index.php\/wp-json\/wp\/v2\/types\/product"}],"wp:featuredmedia":[{"embeddable":true,"href":"https:\/\/hobby-versand.ch\/index.php\/wp-json\/wp\/v2\/media\/405"}],"wp:attachment":[{"href":"https:\/\/hobby-versand.ch\/index.php\/wp-json\/wp\/v2\/media?parent=404"}],"wp:term":[{"taxonomy":"product_brand","embeddable":true,"href":"https:\/\/hobby-versand.ch\/index.php\/wp-json\/wp\/v2\/product_brand?post=404"},{"taxonomy":"product_cat","embeddable":true,"href":"https:\/\/hobby-versand.ch\/index.php\/wp-json\/wp\/v2\/product_cat?post=404"},{"taxonomy":"product_tag","embeddable":true,"href":"https:\/\/hobby-versand.ch\/index.php\/wp-json\/wp\/v2\/product_tag?post=404"}],"curies":[{"name":"wp","href":"https:\/\/api.w.org\/{rel}","templated":true}]}}