{"id":431,"date":"2023-07-12T07:49:39","date_gmt":"2023-07-12T07:49:39","guid":{"rendered":"https:\/\/megabillig.ch\/?post_type=product&#038;p=431"},"modified":"2023-07-12T07:49:40","modified_gmt":"2023-07-12T07:49:40","slug":"crystal-giessharz-starter-set-niedertemperatur","status":"publish","type":"product","link":"https:\/\/hobby-versand.ch\/index.php\/produkt\/crystal-giessharz-starter-set-niedertemperatur\/","title":{"rendered":"Crystal-Giessharz Starter-Set Niedertemperatur"},"content":{"rendered":"","protected":false},"excerpt":{"rendered":"<p><strong>Crystal-Giessharz Starter-Set Niedertemperatur<\/strong><\/p>\n<p>Mit dem Giessharz Komplett-Set giesst<br \/>\nDu Deine eigenen Schmuckkreationen.<br \/>\nW\u00e4hle die gew\u00fcnschte Giessform, mische Deine pers\u00f6nliche Lieblingsfarbe bei und versch\u00f6nere Deine Schmuckst\u00fccke mit individuell ausgesuchten Deko-Elementen.<\/p>\n","protected":false},"featured_media":432,"template":"","meta":[],"product_brand":[],"product_cat":[26],"product_tag":[],"class_list":{"0":"post-431","1":"product","2":"type-product","3":"status-publish","4":"has-post-thumbnail","6":"product_cat-giessharz","8":"first","9":"instock","10":"shipping-taxable","11":"purchasable","12":"product-type-simple"},"jetpack_sharing_enabled":true,"_links":{"self":[{"href":"https:\/\/hobby-versand.ch\/index.php\/wp-json\/wp\/v2\/product\/431","targetHints":{"allow":["GET"]}}],"collection":[{"href":"https:\/\/hobby-versand.ch\/index.php\/wp-json\/wp\/v2\/product"}],"about":[{"href":"https:\/\/hobby-versand.ch\/index.php\/wp-json\/wp\/v2\/types\/product"}],"wp:featuredmedia":[{"embeddable":true,"href":"https:\/\/hobby-versand.ch\/index.php\/wp-json\/wp\/v2\/media\/432"}],"wp:attachment":[{"href":"https:\/\/hobby-versand.ch\/index.php\/wp-json\/wp\/v2\/media?parent=431"}],"wp:term":[{"taxonomy":"product_brand","embeddable":true,"href":"https:\/\/hobby-versand.ch\/index.php\/wp-json\/wp\/v2\/product_brand?post=431"},{"taxonomy":"product_cat","embeddable":true,"href":"https:\/\/hobby-versand.ch\/index.php\/wp-json\/wp\/v2\/product_cat?post=431"},{"taxonomy":"product_tag","embeddable":true,"href":"https:\/\/hobby-versand.ch\/index.php\/wp-json\/wp\/v2\/product_tag?post=431"}],"curies":[{"name":"wp","href":"https:\/\/api.w.org\/{rel}","templated":true}]}}