{"id":433,"date":"2023-07-12T08:51:10","date_gmt":"2023-07-12T08:51:10","guid":{"rendered":"https:\/\/megabillig.ch\/?post_type=product&#038;p=433"},"modified":"2023-07-12T08:51:11","modified_gmt":"2023-07-12T08:51:11","slug":"crystal-giessharz-300g-niedertemperatur","status":"publish","type":"product","link":"https:\/\/hobby-versand.ch\/index.php\/produkt\/crystal-giessharz-300g-niedertemperatur\/","title":{"rendered":"Crystal-Giessharz 300g Niedertemperatur"},"content":{"rendered":"","protected":false},"excerpt":{"rendered":"<h1 class=\"productpage_title\">Crystal-Giessharz 300g Niedertemperatur<\/h1>\n<p>Der hochwertige Crystal Giessharz Niedertemperatur ist sehr gut zur Herstellung von glasklaren Giesslingen geeignet. Durch die hohe Fliessf\u00e4higkeit l\u00e4sst sich die Giessharzmischung problemlos in die Form und deren Ecken einf\u00fcllen. Das Ergebnis wirkt wie Glas, ist aber sehr stabil. Durch die geringe Temperaturentwicklung k\u00f6nnen z.B. Trockenblumen eingegossen oder Bilder versiegelt werden, ohne dass diese durch die W\u00e4rme, welche bei der Abbindung entstehen kann, ihre Farbgebung verlieren. Auch das Einf\u00e4rben vom Giessharz ist mit den Giessharzfarben von GLOREX m\u00f6glich. Der Crystal Giessharz Niedertemperatur ist sehr gut f\u00fcr die neuen Silikon Giessformen von GLOREX geeignet. Eigenschaften: &#8211; Geringe Temperaturentwicklung &#8211; Sieht aus wie Glas &#8211; Durchsichtig und stabil &#8211; Einfach zu verarbeiten &#8211; Blasenfrei &#8211; Kann wie ein Lack verarbeitet werden &#8211; Aush\u00e4rtungszeit 48-72 Std, abh\u00e4ngig von der Schichtdicke.<\/p>\n","protected":false},"featured_media":434,"template":"","meta":[],"product_brand":[],"product_cat":[26],"product_tag":[],"class_list":{"0":"post-433","1":"product","2":"type-product","3":"status-publish","4":"has-post-thumbnail","6":"product_cat-giessharz","8":"first","9":"instock","10":"shipping-taxable","11":"purchasable","12":"product-type-simple"},"jetpack_sharing_enabled":true,"_links":{"self":[{"href":"https:\/\/hobby-versand.ch\/index.php\/wp-json\/wp\/v2\/product\/433","targetHints":{"allow":["GET"]}}],"collection":[{"href":"https:\/\/hobby-versand.ch\/index.php\/wp-json\/wp\/v2\/product"}],"about":[{"href":"https:\/\/hobby-versand.ch\/index.php\/wp-json\/wp\/v2\/types\/product"}],"wp:featuredmedia":[{"embeddable":true,"href":"https:\/\/hobby-versand.ch\/index.php\/wp-json\/wp\/v2\/media\/434"}],"wp:attachment":[{"href":"https:\/\/hobby-versand.ch\/index.php\/wp-json\/wp\/v2\/media?parent=433"}],"wp:term":[{"taxonomy":"product_brand","embeddable":true,"href":"https:\/\/hobby-versand.ch\/index.php\/wp-json\/wp\/v2\/product_brand?post=433"},{"taxonomy":"product_cat","embeddable":true,"href":"https:\/\/hobby-versand.ch\/index.php\/wp-json\/wp\/v2\/product_cat?post=433"},{"taxonomy":"product_tag","embeddable":true,"href":"https:\/\/hobby-versand.ch\/index.php\/wp-json\/wp\/v2\/product_tag?post=433"}],"curies":[{"name":"wp","href":"https:\/\/api.w.org\/{rel}","templated":true}]}}