{"id":518,"date":"2024-01-10T13:47:18","date_gmt":"2024-01-10T13:47:18","guid":{"rendered":"https:\/\/hobby-versand.ch\/?post_type=product&#038;p=518"},"modified":"2024-01-10T14:33:00","modified_gmt":"2024-01-10T14:33:00","slug":"blumen-praeparier-salz","status":"publish","type":"product","link":"https:\/\/hobby-versand.ch\/index.php\/produkt\/blumen-praeparier-salz\/","title":{"rendered":"Blumen &#8211; Pr\u00e4parier &#8211; Salz 750 ml."},"content":{"rendered":"","protected":false},"excerpt":{"rendered":"<p><span style=\"color: 000000; font-family: Arial;\"><span style=\"color: 000000; font-family: Arial; font-size: small;\"><b>Blumen &#8211; Pr\u00e4parier &#8211; Salz <\/b><\/span><\/span><\/p>\n<p>F\u00fcr das Trocknen von besonders empfindlichen Pflanzen wird ein schnell wirkendes Pr\u00e4pariersalz ben\u00f6tigt. Mit<br \/>\nFeuchtigkeits-Indikator.<\/p>\n<p>Dose 750 ml.<\/p>\n","protected":false},"featured_media":519,"template":"","meta":[],"product_brand":[],"product_cat":[20],"product_tag":[],"class_list":{"0":"post-518","1":"product","2":"type-product","3":"status-publish","4":"has-post-thumbnail","6":"product_cat-unkategorisiert","8":"first","9":"instock","10":"shipping-taxable","11":"purchasable","12":"product-type-simple"},"jetpack_sharing_enabled":true,"_links":{"self":[{"href":"https:\/\/hobby-versand.ch\/index.php\/wp-json\/wp\/v2\/product\/518","targetHints":{"allow":["GET"]}}],"collection":[{"href":"https:\/\/hobby-versand.ch\/index.php\/wp-json\/wp\/v2\/product"}],"about":[{"href":"https:\/\/hobby-versand.ch\/index.php\/wp-json\/wp\/v2\/types\/product"}],"wp:featuredmedia":[{"embeddable":true,"href":"https:\/\/hobby-versand.ch\/index.php\/wp-json\/wp\/v2\/media\/519"}],"wp:attachment":[{"href":"https:\/\/hobby-versand.ch\/index.php\/wp-json\/wp\/v2\/media?parent=518"}],"wp:term":[{"taxonomy":"product_brand","embeddable":true,"href":"https:\/\/hobby-versand.ch\/index.php\/wp-json\/wp\/v2\/product_brand?post=518"},{"taxonomy":"product_cat","embeddable":true,"href":"https:\/\/hobby-versand.ch\/index.php\/wp-json\/wp\/v2\/product_cat?post=518"},{"taxonomy":"product_tag","embeddable":true,"href":"https:\/\/hobby-versand.ch\/index.php\/wp-json\/wp\/v2\/product_tag?post=518"}],"curies":[{"name":"wp","href":"https:\/\/api.w.org\/{rel}","templated":true}]}}