{"id":575,"date":"2024-03-05T13:22:03","date_gmt":"2024-03-05T13:22:03","guid":{"rendered":"https:\/\/hobby-versand.ch\/?post_type=product&#038;p=575"},"modified":"2024-03-05T13:23:17","modified_gmt":"2024-03-05T13:23:17","slug":"laterne-aus-bronzeguss-kreuzsymbol","status":"publish","type":"product","link":"https:\/\/hobby-versand.ch\/index.php\/produkt\/laterne-aus-bronzeguss-kreuzsymbol\/","title":{"rendered":"Laterne aus Bronzeguss, Kreuzsymbol"},"content":{"rendered":"","protected":false},"excerpt":{"rendered":"<p><span style=\"color: 000000; font-family: Arial;\"><span style=\"color: 000000; font-family: Arial; font-size: small;\"><b>Laterne aus Bronzeguss, Kreuzsymbol <\/b><\/span><\/span><\/p>\n<p>Das Lampendach ist mit einerm Kreuz verziert.<\/p>\n<p>Die T\u00fcre ist 2-seitig und \u00f6ffnet sich sehr weit. Auch die gr\u00f6bsten H\u00e4nde k\u00f6nnen die Kerzen problemlos wechseln.<br \/>\n(Beachten Sie die Aufnahme bei Artikel w-1081f)<\/p>\n<p>Glas mit Facettenschliff.<\/p>\n<p>Qualit\u00e4tsprodukt, made in Germany,<\/p>\n<p>H\u00f6he 19 cm<\/p>\n<p>Dazu passendes Weihwasser Becken bitte separat bestellen, es gibt zu jeder Laterne auch das passende Weihwasser &#8211;<br \/>\nGef\u00e4ss.<\/p>\n","protected":false},"featured_media":576,"template":"","meta":[],"product_brand":[],"product_cat":[30],"product_tag":[],"class_list":{"0":"post-575","1":"product","2":"type-product","3":"status-publish","4":"has-post-thumbnail","6":"product_cat-grablaternen-weihwasserbecken","8":"first","9":"instock","10":"shipping-taxable","11":"purchasable","12":"product-type-simple"},"jetpack_sharing_enabled":true,"_links":{"self":[{"href":"https:\/\/hobby-versand.ch\/index.php\/wp-json\/wp\/v2\/product\/575","targetHints":{"allow":["GET"]}}],"collection":[{"href":"https:\/\/hobby-versand.ch\/index.php\/wp-json\/wp\/v2\/product"}],"about":[{"href":"https:\/\/hobby-versand.ch\/index.php\/wp-json\/wp\/v2\/types\/product"}],"wp:featuredmedia":[{"embeddable":true,"href":"https:\/\/hobby-versand.ch\/index.php\/wp-json\/wp\/v2\/media\/576"}],"wp:attachment":[{"href":"https:\/\/hobby-versand.ch\/index.php\/wp-json\/wp\/v2\/media?parent=575"}],"wp:term":[{"taxonomy":"product_brand","embeddable":true,"href":"https:\/\/hobby-versand.ch\/index.php\/wp-json\/wp\/v2\/product_brand?post=575"},{"taxonomy":"product_cat","embeddable":true,"href":"https:\/\/hobby-versand.ch\/index.php\/wp-json\/wp\/v2\/product_cat?post=575"},{"taxonomy":"product_tag","embeddable":true,"href":"https:\/\/hobby-versand.ch\/index.php\/wp-json\/wp\/v2\/product_tag?post=575"}],"curies":[{"name":"wp","href":"https:\/\/api.w.org\/{rel}","templated":true}]}}