{"id":607,"date":"2024-03-12T09:16:08","date_gmt":"2024-03-12T09:16:08","guid":{"rendered":"https:\/\/hobby-versand.ch\/?post_type=product&#038;p=607"},"modified":"2024-03-12T09:16:09","modified_gmt":"2024-03-12T09:16:09","slug":"laterne-aus-bronzeguss-3-strich-dach","status":"publish","type":"product","link":"https:\/\/hobby-versand.ch\/index.php\/produkt\/laterne-aus-bronzeguss-3-strich-dach\/","title":{"rendered":"Laterne aus Bronzeguss, 3 Strich Dach"},"content":{"rendered":"","protected":false},"excerpt":{"rendered":"<div class=\"woocommerce-product-details__short-description\">\n<p><b>Laterne aus Bronzeguss, 3 Strich Dach <\/b><\/p>\n<p>Die T\u00fcre ist 2-seitig und \u00f6ffnet sich sehr weit. Auch die gr\u00f6bsten H\u00e4nde k\u00f6nnen die Kerzen problemlos wechseln.<\/p>\n<p>Glas mit Facettenschliff.<\/p>\n<p>Qualit\u00e4tsprodukt, made in Germany,<\/p>\n<p>H\u00f6he 19 cm<\/p>\n<p>Dazu passendes Weihwasser Becken bitte separat bestellen, es gibt zu jeder Laterne auch das passende Weihwasser \u2013<br \/>\nGef\u00e4ss.<\/p>\n<\/div>\n","protected":false},"featured_media":571,"template":"","meta":[],"product_brand":[],"product_cat":[30],"product_tag":[],"class_list":{"0":"post-607","1":"product","2":"type-product","3":"status-publish","4":"has-post-thumbnail","6":"product_cat-grablaternen-weihwasserbecken","8":"first","9":"instock","10":"shipping-taxable","11":"purchasable","12":"product-type-simple"},"jetpack_sharing_enabled":true,"_links":{"self":[{"href":"https:\/\/hobby-versand.ch\/index.php\/wp-json\/wp\/v2\/product\/607","targetHints":{"allow":["GET"]}}],"collection":[{"href":"https:\/\/hobby-versand.ch\/index.php\/wp-json\/wp\/v2\/product"}],"about":[{"href":"https:\/\/hobby-versand.ch\/index.php\/wp-json\/wp\/v2\/types\/product"}],"wp:featuredmedia":[{"embeddable":true,"href":"https:\/\/hobby-versand.ch\/index.php\/wp-json\/wp\/v2\/media\/571"}],"wp:attachment":[{"href":"https:\/\/hobby-versand.ch\/index.php\/wp-json\/wp\/v2\/media?parent=607"}],"wp:term":[{"taxonomy":"product_brand","embeddable":true,"href":"https:\/\/hobby-versand.ch\/index.php\/wp-json\/wp\/v2\/product_brand?post=607"},{"taxonomy":"product_cat","embeddable":true,"href":"https:\/\/hobby-versand.ch\/index.php\/wp-json\/wp\/v2\/product_cat?post=607"},{"taxonomy":"product_tag","embeddable":true,"href":"https:\/\/hobby-versand.ch\/index.php\/wp-json\/wp\/v2\/product_tag?post=607"}],"curies":[{"name":"wp","href":"https:\/\/api.w.org\/{rel}","templated":true}]}}